{"id":268,"date":"2023-04-26T15:57:03","date_gmt":"2023-04-26T15:57:03","guid":{"rendered":"https:\/\/mariaperfecta.com\/?page_id=268"},"modified":"2025-03-24T16:35:06","modified_gmt":"2025-03-24T16:35:06","slug":"nosotros","status":"publish","type":"page","link":"https:\/\/mariaperfecta.com\/index.php\/nosotros\/","title":{"rendered":"Nosotros"},"content":{"rendered":"\t\t<div data-elementor-type=\"wp-page\" data-elementor-id=\"268\" class=\"elementor elementor-268\">\n\t\t\t\t\t\t<section class=\"elementor-section elementor-top-section elementor-element elementor-element-324aae6 elementor-section-stretched elementor-reverse-tablet elementor-section-boxed elementor-section-height-default elementor-section-height-default\" data-id=\"324aae6\" data-element_type=\"section\" data-e-type=\"section\" data-settings=\"{&quot;stretch_section&quot;:&quot;section-stretched&quot;,&quot;background_background&quot;:&quot;classic&quot;}\">\n\t\t\t\t\t\t\t<div class=\"elementor-background-overlay\"><\/div>\n\t\t\t\t\t\t\t<div class=\"elementor-container elementor-column-gap-default\">\n\t\t\t\t\t<div class=\"elementor-column elementor-col-100 elementor-top-column elementor-element elementor-element-ce73323\" data-id=\"ce73323\" data-element_type=\"column\" data-e-type=\"column\">\n\t\t\t<div class=\"elementor-widget-wrap elementor-element-populated\">\n\t\t\t\t\t\t<div class=\"elementor-element elementor-element-f9c1858 elementor-widget elementor-widget-heading\" data-id=\"f9c1858\" data-element_type=\"widget\" data-e-type=\"widget\" data-widget_type=\"heading.default\">\n\t\t\t\t<div class=\"elementor-widget-container\">\n\t\t\t\t\t<h2 class=\"elementor-heading-title elementor-size-default\">nosotros<\/h2>\t\t\t\t<\/div>\n\t\t\t\t<\/div>\n\t\t\t\t<div class=\"elementor-element elementor-element-3a101af elementor-widget elementor-widget-spacer\" data-id=\"3a101af\" data-element_type=\"widget\" data-e-type=\"widget\" data-widget_type=\"spacer.default\">\n\t\t\t\t<div class=\"elementor-widget-container\">\n\t\t\t\t\t\t\t<div class=\"elementor-spacer\">\n\t\t\t<div class=\"elementor-spacer-inner\"><\/div>\n\t\t<\/div>\n\t\t\t\t\t\t<\/div>\n\t\t\t\t<\/div>\n\t\t\t\t<div class=\"elementor-element elementor-element-63a4bf4 elementor-shape-circle elementor-grid-0 e-grid-align-center elementor-widget elementor-widget-social-icons\" data-id=\"63a4bf4\" data-element_type=\"widget\" data-e-type=\"widget\" data-widget_type=\"social-icons.default\">\n\t\t\t\t<div class=\"elementor-widget-container\">\n\t\t\t\t\t\t\t<div class=\"elementor-social-icons-wrapper elementor-grid\" role=\"list\">\n\t\t\t\t\t\t\t<span class=\"elementor-grid-item\" role=\"listitem\">\n\t\t\t\t\t<a class=\"elementor-icon elementor-social-icon elementor-social-icon-instagram elementor-animation-shrink elementor-repeater-item-9ef3186\" href=\"https:\/\/www.instagram.com\/mariaperfectaa?igsh=MTN0Mmg5YnJkdTdhbQ==\" target=\"_blank\">\n\t\t\t\t\t\t<span class=\"elementor-screen-only\">Instagram<\/span>\n\t\t\t\t\t\t<i aria-hidden=\"true\" class=\"fab fa-instagram\"><\/i>\t\t\t\t\t<\/a>\n\t\t\t\t<\/span>\n\t\t\t\t\t\t\t<span class=\"elementor-grid-item\" role=\"listitem\">\n\t\t\t\t\t<a class=\"elementor-icon elementor-social-icon elementor-social-icon-youtube elementor-animation-shrink elementor-repeater-item-86f5cdc\" href=\"https:\/\/www.youtube.com\/channel\/UCA2wWCgeDD1zxAqBLGoBDSA\" target=\"_blank\">\n\t\t\t\t\t\t<span class=\"elementor-screen-only\">Youtube<\/span>\n\t\t\t\t\t\t<i aria-hidden=\"true\" class=\"fab fa-youtube\"><\/i>\t\t\t\t\t<\/a>\n\t\t\t\t<\/span>\n\t\t\t\t\t\t\t<span class=\"elementor-grid-item\" role=\"listitem\">\n\t\t\t\t\t<a class=\"elementor-icon elementor-social-icon elementor-social-icon-tiktok elementor-animation-shrink elementor-repeater-item-d884cbd\" href=\"https:\/\/www.tiktok.com\/@mariaperfecta_\" target=\"_blank\">\n\t\t\t\t\t\t<span class=\"elementor-screen-only\">Tiktok<\/span>\n\t\t\t\t\t\t<i aria-hidden=\"true\" class=\"fab fa-tiktok\"><\/i>\t\t\t\t\t<\/a>\n\t\t\t\t<\/span>\n\t\t\t\t\t\t\t<span class=\"elementor-grid-item\" role=\"listitem\">\n\t\t\t\t\t<a class=\"elementor-icon elementor-social-icon elementor-social-icon-pinterest elementor-animation-shrink elementor-repeater-item-ab68af9\" href=\"https:\/\/co.pinterest.com\/MariaPerfecta2\/\" target=\"_blank\">\n\t\t\t\t\t\t<span class=\"elementor-screen-only\">Pinterest<\/span>\n\t\t\t\t\t\t<i aria-hidden=\"true\" class=\"fab fa-pinterest\"><\/i>\t\t\t\t\t<\/a>\n\t\t\t\t<\/span>\n\t\t\t\t\t\t\t<span class=\"elementor-grid-item\" role=\"listitem\">\n\t\t\t\t\t<a class=\"elementor-icon elementor-social-icon elementor-social-icon-spotify elementor-animation-shrink elementor-repeater-item-66c32f2\" href=\"https:\/\/open.spotify.com\/show\/1ZyxAXVqHc6x6jowrxMzw7\" target=\"_blank\">\n\t\t\t\t\t\t<span class=\"elementor-screen-only\">Spotify<\/span>\n\t\t\t\t\t\t<i aria-hidden=\"true\" class=\"fab fa-spotify\"><\/i>\t\t\t\t\t<\/a>\n\t\t\t\t<\/span>\n\t\t\t\t\t\t\t<span class=\"elementor-grid-item\" role=\"listitem\">\n\t\t\t\t\t<a class=\"elementor-icon elementor-social-icon elementor-social-icon-whatsapp elementor-animation-shrink elementor-repeater-item-ba729ff\" href=\"https:\/\/api.whatsapp.com\/send?phone=573007902961&#038;text=%C2%A1Hola%20Mar%C3%ADa%20Perfecta.%20Necesito%20tu%20asesor%C3%ADa!\" target=\"_blank\">\n\t\t\t\t\t\t<span class=\"elementor-screen-only\">Whatsapp<\/span>\n\t\t\t\t\t\t<i aria-hidden=\"true\" class=\"fab fa-whatsapp\"><\/i>\t\t\t\t\t<\/a>\n\t\t\t\t<\/span>\n\t\t\t\t\t<\/div>\n\t\t\t\t\t\t<\/div>\n\t\t\t\t<\/div>\n\t\t\t\t\t<\/div>\n\t\t<\/div>\n\t\t\t\t\t<\/div>\n\t\t<\/section>\n\t\t\t\t<section class=\"elementor-section elementor-top-section elementor-element elementor-element-2832732c elementor-section-height-min-height elementor-section-items-stretch elementor-section-content-top elementor-section-boxed elementor-section-height-default\" data-id=\"2832732c\" data-element_type=\"section\" data-e-type=\"section\" data-settings=\"{&quot;background_background&quot;:&quot;classic&quot;}\">\n\t\t\t\t\t\t<div class=\"elementor-container elementor-column-gap-default\">\n\t\t\t\t\t<div class=\"elementor-column elementor-col-50 elementor-top-column elementor-element elementor-element-3b888c27\" data-id=\"3b888c27\" data-element_type=\"column\" data-e-type=\"column\">\n\t\t\t<div class=\"elementor-widget-wrap elementor-element-populated\">\n\t\t\t\t\t\t<div class=\"elementor-element elementor-element-458dbac3 elementor-widget elementor-widget-text-editor\" data-id=\"458dbac3\" data-element_type=\"widget\" data-e-type=\"widget\" data-widget_type=\"text-editor.default\">\n\t\t\t\t<div class=\"elementor-widget-container\">\n\t\t\t\t\t\t\t\t\t<p>Maria Perfecta naci\u00f3 hace cerca de 3 a\u00f1os como marca, pero se gest\u00f3 en nuestro coraz\u00f3n desde hace d\u00e9cadas. Nuestro prop\u00f3sito es crear desde el coraz\u00f3n, objetos que se conviertan en elementos \u00fanicos para quien los adquiere.&nbsp;<\/p>\n<p>Nuestra calidad se ve reflejada en el producto final que reciben los clientes, para tambi\u00e9n en sus opiniones y referencias sobre lo que hacemos.&nbsp;<\/p>\n<p>Al combinar el estilo cl\u00e1sico de dibujo (papel y l\u00e1piz) con t\u00e9cnicas digitales, logramos plasmar emociones y vivencias por medio de cada trazo.<\/p>\n<p>En cuanto a la elecci\u00f3n de materiales, lo hacemos pensando en calidad, duraci\u00f3n y exclusividad. Porque los detalles son importantes para nosotros y por eso tambi\u00e9n nos esmeramos en crear y dise\u00f1ar empaques con un toque especial. \u00a1Cuando se trata de despertar emociones, todo cuenta!<\/p>\n<p>Si quieres conocer un poco m\u00e1s sobre qui\u00e9nes somos y nuestro prop\u00f3sito como artistas y como marca te invito a ver este video&nbsp;<\/p>\n<p><a href=\"https:\/\/youtu.be\/GBZqJV1ilis?si=Le_OIlcjiidDKgJ0\">\u00bf<\/a><a href=\"https:\/\/mariaperfecta.com\/index.php\/esta-soy-yo-maria-perfecta\/\" target=\"_blank\" style=\"font-size: 21px; background-color: rgb(255, 255, 255); letter-spacing: 0.8px;\">Qui\u00e9n es Maria Perfecta?<\/a><\/p>\t\t\t\t\t\t\t\t<\/div>\n\t\t\t\t<\/div>\n\t\t\t\t\t<\/div>\n\t\t<\/div>\n\t\t\t\t<div class=\"elementor-column elementor-col-50 elementor-top-column elementor-element elementor-element-31a448a2\" data-id=\"31a448a2\" data-element_type=\"column\" data-e-type=\"column\">\n\t\t\t<div class=\"elementor-widget-wrap elementor-element-populated\">\n\t\t\t\t\t\t<div class=\"elementor-element elementor-element-78024071 elementor-widget elementor-widget-heading\" data-id=\"78024071\" data-element_type=\"widget\" data-e-type=\"widget\" data-widget_type=\"heading.default\">\n\t\t\t\t<div class=\"elementor-widget-container\">\n\t\t\t\t\t<h2 class=\"elementor-heading-title elementor-size-default\">m\u00e1s contenido <\/h2>\t\t\t\t<\/div>\n\t\t\t\t<\/div>\n\t\t\t\t<div class=\"elementor-element elementor-element-b4e368a elementor-align-start elementor-mobile-align-center elementor-icon-list--layout-traditional elementor-list-item-link-full_width elementor-widget elementor-widget-icon-list\" data-id=\"b4e368a\" data-element_type=\"widget\" data-e-type=\"widget\" data-widget_type=\"icon-list.default\">\n\t\t\t\t<div class=\"elementor-widget-container\">\n\t\t\t\t\t\t\t<ul class=\"elementor-icon-list-items\">\n\t\t\t\t\t\t\t<li class=\"elementor-icon-list-item\">\n\t\t\t\t\t\t\t\t\t\t\t<a href=\"https:\/\/mariaperfecta.com\/index.php\/2024\/05\/30\/elementor-5324\/\" target=\"_blank\">\n\n\t\t\t\t\t\t\t\t\t\t\t\t<span class=\"elementor-icon-list-icon\">\n\t\t\t\t\t\t\t<i aria-hidden=\"true\" class=\"fas fa-angle-right\"><\/i>\t\t\t\t\t\t<\/span>\n\t\t\t\t\t\t\t\t\t\t<span class=\"elementor-icon-list-text\">COLECCI\u00d3N COCOA<\/span>\n\t\t\t\t\t\t\t\t\t\t\t<\/a>\n\t\t\t\t\t\t\t\t\t<\/li>\n\t\t\t\t\t\t\t\t<li class=\"elementor-icon-list-item\">\n\t\t\t\t\t\t\t\t\t\t\t<a href=\"https:\/\/mariaperfecta.com\/?p=6595\" target=\"_blank\">\n\n\t\t\t\t\t\t\t\t\t\t\t\t<span class=\"elementor-icon-list-icon\">\n\t\t\t\t\t\t\t<i aria-hidden=\"true\" class=\"fas fa-angle-right\"><\/i>\t\t\t\t\t\t<\/span>\n\t\t\t\t\t\t\t\t\t\t<span class=\"elementor-icon-list-text\">ANIMATICS<\/span>\n\t\t\t\t\t\t\t\t\t\t\t<\/a>\n\t\t\t\t\t\t\t\t\t<\/li>\n\t\t\t\t\t\t\t\t<li class=\"elementor-icon-list-item\">\n\t\t\t\t\t\t\t\t\t\t\t<a href=\"https:\/\/mariaperfecta.com\/index.php\/tienda\/\" target=\"_blank\">\n\n\t\t\t\t\t\t\t\t\t\t\t\t<span class=\"elementor-icon-list-icon\">\n\t\t\t\t\t\t\t<i aria-hidden=\"true\" class=\"fas fa-angle-right\"><\/i>\t\t\t\t\t\t<\/span>\n\t\t\t\t\t\t\t\t\t\t<span class=\"elementor-icon-list-text\">TIENDA<\/span>\n\t\t\t\t\t\t\t\t\t\t\t<\/a>\n\t\t\t\t\t\t\t\t\t<\/li>\n\t\t\t\t\t\t\t\t<li class=\"elementor-icon-list-item\">\n\t\t\t\t\t\t\t\t\t\t\t<a href=\"https:\/\/mariaperfecta.com\/index.php\/podcast\/\" target=\"_blank\">\n\n\t\t\t\t\t\t\t\t\t\t\t\t<span class=\"elementor-icon-list-icon\">\n\t\t\t\t\t\t\t<i aria-hidden=\"true\" class=\"fas fa-angle-right\"><\/i>\t\t\t\t\t\t<\/span>\n\t\t\t\t\t\t\t\t\t\t<span class=\"elementor-icon-list-text\">PODCASTS<\/span>\n\t\t\t\t\t\t\t\t\t\t\t<\/a>\n\t\t\t\t\t\t\t\t\t<\/li>\n\t\t\t\t\t\t<\/ul>\n\t\t\t\t\t\t<\/div>\n\t\t\t\t<\/div>\n\t\t\t\t<div class=\"elementor-element elementor-element-65f3b841 elementor-widget elementor-widget-spacer\" data-id=\"65f3b841\" data-element_type=\"widget\" data-e-type=\"widget\" data-widget_type=\"spacer.default\">\n\t\t\t\t<div class=\"elementor-widget-container\">\n\t\t\t\t\t\t\t<div class=\"elementor-spacer\">\n\t\t\t<div class=\"elementor-spacer-inner\"><\/div>\n\t\t<\/div>\n\t\t\t\t\t\t<\/div>\n\t\t\t\t<\/div>\n\t\t\t\t\t<\/div>\n\t\t<\/div>\n\t\t\t\t\t<\/div>\n\t\t<\/section>\n\t\t\t\t<\/div>\n\t\t","protected":false},"excerpt":{"rendered":"<p>nosotros Instagram Youtube Tiktok Pinterest Spotify Whatsapp Maria Perfecta naci\u00f3 hace cerca de 3 a\u00f1os como marca, pero se gest\u00f3 en nuestro coraz\u00f3n desde hace d\u00e9cadas. Nuestro prop\u00f3sito es crear desde el coraz\u00f3n, objetos que se conviertan en elementos \u00fanicos para quien los adquiere.&nbsp; Nuestra calidad se ve reflejada en el producto final que reciben [&hellip;]<\/p>\n","protected":false},"author":1,"featured_media":0,"parent":0,"menu_order":0,"comment_status":"closed","ping_status":"closed","template":"","meta":{"ocean_post_layout":"","ocean_both_sidebars_style":"","ocean_both_sidebars_content_width":0,"ocean_both_sidebars_sidebars_width":0,"ocean_sidebar":"0","ocean_second_sidebar":"0","ocean_disable_margins":"enable","ocean_add_body_class":"","ocean_shortcode_before_top_bar":"","ocean_shortcode_after_top_bar":"","ocean_shortcode_before_header":"","ocean_shortcode_after_header":"","ocean_has_shortcode":"","ocean_shortcode_after_title":"","ocean_shortcode_before_footer_widgets":"","ocean_shortcode_after_footer_widgets":"","ocean_shortcode_before_footer_bottom":"","ocean_shortcode_after_footer_bottom":"","ocean_display_top_bar":"default","ocean_display_header":"default","ocean_header_style":"","ocean_center_header_left_menu":"0","ocean_custom_header_template":"0","ocean_custom_logo":0,"ocean_custom_retina_logo":0,"ocean_custom_logo_max_width":0,"ocean_custom_logo_tablet_max_width":0,"ocean_custom_logo_mobile_max_width":0,"ocean_custom_logo_max_height":0,"ocean_custom_logo_tablet_max_height":0,"ocean_custom_logo_mobile_max_height":0,"ocean_header_custom_menu":"0","ocean_menu_typo_font_family":"0","ocean_menu_typo_font_subset":"","ocean_menu_typo_font_size":0,"ocean_menu_typo_font_size_tablet":0,"ocean_menu_typo_font_size_mobile":0,"ocean_menu_typo_font_size_unit":"px","ocean_menu_typo_font_weight":"","ocean_menu_typo_font_weight_tablet":"","ocean_menu_typo_font_weight_mobile":"","ocean_menu_typo_transform":"","ocean_menu_typo_transform_tablet":"","ocean_menu_typo_transform_mobile":"","ocean_menu_typo_line_height":0,"ocean_menu_typo_line_height_tablet":0,"ocean_menu_typo_line_height_mobile":0,"ocean_menu_typo_line_height_unit":"","ocean_menu_typo_spacing":0,"ocean_menu_typo_spacing_tablet":0,"ocean_menu_typo_spacing_mobile":0,"ocean_menu_typo_spacing_unit":"","ocean_menu_link_color":"","ocean_menu_link_color_hover":"","ocean_menu_link_color_active":"","ocean_menu_link_background":"","ocean_menu_link_hover_background":"","ocean_menu_link_active_background":"","ocean_menu_social_links_bg":"","ocean_menu_social_hover_links_bg":"","ocean_menu_social_links_color":"","ocean_menu_social_hover_links_color":"","ocean_disable_title":"default","ocean_disable_heading":"default","ocean_post_title":"","ocean_post_subheading":"","ocean_post_title_style":"","ocean_post_title_background_color":"","ocean_post_title_background":0,"ocean_post_title_bg_image_position":"","ocean_post_title_bg_image_attachment":"","ocean_post_title_bg_image_repeat":"","ocean_post_title_bg_image_size":"","ocean_post_title_height":0,"ocean_post_title_bg_overlay":0.5,"ocean_post_title_bg_overlay_color":"","ocean_disable_breadcrumbs":"default","ocean_breadcrumbs_color":"","ocean_breadcrumbs_separator_color":"","ocean_breadcrumbs_links_color":"","ocean_breadcrumbs_links_hover_color":"","ocean_display_footer_widgets":"default","ocean_display_footer_bottom":"default","ocean_custom_footer_template":"0","_joinchat":[],"footnotes":""},"class_list":["post-268","page","type-page","status-publish","hentry","entry"],"yoast_head":"<!-- This site is optimized with the Yoast SEO plugin v27.3 - https:\/\/yoast.com\/product\/yoast-seo-wordpress\/ -->\n<title>Nosotros - Maria Perfecta<\/title>\n<meta name=\"description\" content=\"Maria Perfecta naci\u00f3 hace 10 a\u00f1os como marca, pero se gest\u00f3 en nuestro coraz\u00f3n hace d\u00e9cadas. Nosotros creamos objetos \u00fanicos. Nosotros\" \/>\n<meta name=\"robots\" content=\"index, follow, max-snippet:-1, max-image-preview:large, max-video-preview:-1\" \/>\n<link rel=\"canonical\" href=\"https:\/\/mariaperfecta.com\/index.php\/nosotros\/\" \/>\n<meta property=\"og:locale\" content=\"es_ES\" \/>\n<meta property=\"og:type\" content=\"article\" \/>\n<meta property=\"og:title\" content=\"Nosotros\" \/>\n<meta property=\"og:description\" content=\"Maria Perfecta naci\u00f3 hace 10 a\u00f1os como marca, pero se gest\u00f3 en nuestro coraz\u00f3n hace d\u00e9cadas. Nosotros creamos objetos \u00fanicos.\" \/>\n<meta property=\"og:url\" content=\"https:\/\/mariaperfecta.com\/index.php\/nosotros\/\" \/>\n<meta property=\"og:site_name\" content=\"Maria Perfecta\" \/>\n<meta property=\"article:modified_time\" content=\"2025-03-24T16:35:06+00:00\" \/>\n<meta name=\"twitter:card\" content=\"summary_large_image\" \/>\n<meta name=\"twitter:title\" content=\"Nosotros\" \/>\n<meta name=\"twitter:description\" content=\"Maria Perfecta naci\u00f3 hace 10 a\u00f1os como marca, pero se gest\u00f3 en nuestro coraz\u00f3n hace d\u00e9cadas. Nosotros creamos objetos \u00fanicos.\" \/>\n<meta name=\"twitter:label1\" content=\"Tiempo de lectura\" \/>\n\t<meta name=\"twitter:data1\" content=\"1 minuto\" \/>\n<script type=\"application\/ld+json\" class=\"yoast-schema-graph\">{\"@context\":\"https:\\\/\\\/schema.org\",\"@graph\":[{\"@type\":\"WebPage\",\"@id\":\"https:\\\/\\\/mariaperfecta.com\\\/index.php\\\/nosotros\\\/\",\"url\":\"https:\\\/\\\/mariaperfecta.com\\\/index.php\\\/nosotros\\\/\",\"name\":\"Nosotros - Maria Perfecta\",\"isPartOf\":{\"@id\":\"https:\\\/\\\/mariaperfecta.com\\\/#website\"},\"datePublished\":\"2023-04-26T15:57:03+00:00\",\"dateModified\":\"2025-03-24T16:35:06+00:00\",\"description\":\"Maria Perfecta naci\u00f3 hace 10 a\u00f1os como marca, pero se gest\u00f3 en nuestro coraz\u00f3n hace d\u00e9cadas. Nosotros creamos objetos \u00fanicos. Nosotros\",\"breadcrumb\":{\"@id\":\"https:\\\/\\\/mariaperfecta.com\\\/index.php\\\/nosotros\\\/#breadcrumb\"},\"inLanguage\":\"es\",\"potentialAction\":[{\"@type\":\"ReadAction\",\"target\":[\"https:\\\/\\\/mariaperfecta.com\\\/index.php\\\/nosotros\\\/\"]}]},{\"@type\":\"BreadcrumbList\",\"@id\":\"https:\\\/\\\/mariaperfecta.com\\\/index.php\\\/nosotros\\\/#breadcrumb\",\"itemListElement\":[{\"@type\":\"ListItem\",\"position\":1,\"name\":\"Portada\",\"item\":\"https:\\\/\\\/mariaperfecta.com\\\/\"},{\"@type\":\"ListItem\",\"position\":2,\"name\":\"Nosotros\"}]},{\"@type\":\"WebSite\",\"@id\":\"https:\\\/\\\/mariaperfecta.com\\\/#website\",\"url\":\"https:\\\/\\\/mariaperfecta.com\\\/\",\"name\":\"Maria Perfecta\",\"description\":\"\",\"publisher\":{\"@id\":\"https:\\\/\\\/mariaperfecta.com\\\/#organization\"},\"potentialAction\":[{\"@type\":\"SearchAction\",\"target\":{\"@type\":\"EntryPoint\",\"urlTemplate\":\"https:\\\/\\\/mariaperfecta.com\\\/?s={search_term_string}\"},\"query-input\":{\"@type\":\"PropertyValueSpecification\",\"valueRequired\":true,\"valueName\":\"search_term_string\"}}],\"inLanguage\":\"es\"},{\"@type\":\"Organization\",\"@id\":\"https:\\\/\\\/mariaperfecta.com\\\/#organization\",\"name\":\"Maria Perfecta\",\"url\":\"https:\\\/\\\/mariaperfecta.com\\\/\",\"logo\":{\"@type\":\"ImageObject\",\"inLanguage\":\"es\",\"@id\":\"https:\\\/\\\/mariaperfecta.com\\\/#\\\/schema\\\/logo\\\/image\\\/\",\"url\":\"https:\\\/\\\/mariaperfecta.com\\\/wp-content\\\/uploads\\\/2024\\\/08\\\/cropped-LOGO_MP_ABRIL_2024-removebg-preview-1-1.png\",\"contentUrl\":\"https:\\\/\\\/mariaperfecta.com\\\/wp-content\\\/uploads\\\/2024\\\/08\\\/cropped-LOGO_MP_ABRIL_2024-removebg-preview-1-1.png\",\"width\":500,\"height\":500,\"caption\":\"Maria Perfecta\"},\"image\":{\"@id\":\"https:\\\/\\\/mariaperfecta.com\\\/#\\\/schema\\\/logo\\\/image\\\/\"}}]}<\/script>\n<!-- \/ Yoast SEO plugin. -->","yoast_head_json":{"title":"Nosotros - Maria Perfecta","description":"Maria Perfecta naci\u00f3 hace 10 a\u00f1os como marca, pero se gest\u00f3 en nuestro coraz\u00f3n hace d\u00e9cadas. Nosotros creamos objetos \u00fanicos. Nosotros","robots":{"index":"index","follow":"follow","max-snippet":"max-snippet:-1","max-image-preview":"max-image-preview:large","max-video-preview":"max-video-preview:-1"},"canonical":"https:\/\/mariaperfecta.com\/index.php\/nosotros\/","og_locale":"es_ES","og_type":"article","og_title":"Nosotros","og_description":"Maria Perfecta naci\u00f3 hace 10 a\u00f1os como marca, pero se gest\u00f3 en nuestro coraz\u00f3n hace d\u00e9cadas. Nosotros creamos objetos \u00fanicos.","og_url":"https:\/\/mariaperfecta.com\/index.php\/nosotros\/","og_site_name":"Maria Perfecta","article_modified_time":"2025-03-24T16:35:06+00:00","twitter_card":"summary_large_image","twitter_title":"Nosotros","twitter_description":"Maria Perfecta naci\u00f3 hace 10 a\u00f1os como marca, pero se gest\u00f3 en nuestro coraz\u00f3n hace d\u00e9cadas. Nosotros creamos objetos \u00fanicos.","twitter_misc":{"Tiempo de lectura":"1 minuto"},"schema":{"@context":"https:\/\/schema.org","@graph":[{"@type":"WebPage","@id":"https:\/\/mariaperfecta.com\/index.php\/nosotros\/","url":"https:\/\/mariaperfecta.com\/index.php\/nosotros\/","name":"Nosotros - Maria Perfecta","isPartOf":{"@id":"https:\/\/mariaperfecta.com\/#website"},"datePublished":"2023-04-26T15:57:03+00:00","dateModified":"2025-03-24T16:35:06+00:00","description":"Maria Perfecta naci\u00f3 hace 10 a\u00f1os como marca, pero se gest\u00f3 en nuestro coraz\u00f3n hace d\u00e9cadas. Nosotros creamos objetos \u00fanicos. Nosotros","breadcrumb":{"@id":"https:\/\/mariaperfecta.com\/index.php\/nosotros\/#breadcrumb"},"inLanguage":"es","potentialAction":[{"@type":"ReadAction","target":["https:\/\/mariaperfecta.com\/index.php\/nosotros\/"]}]},{"@type":"BreadcrumbList","@id":"https:\/\/mariaperfecta.com\/index.php\/nosotros\/#breadcrumb","itemListElement":[{"@type":"ListItem","position":1,"name":"Portada","item":"https:\/\/mariaperfecta.com\/"},{"@type":"ListItem","position":2,"name":"Nosotros"}]},{"@type":"WebSite","@id":"https:\/\/mariaperfecta.com\/#website","url":"https:\/\/mariaperfecta.com\/","name":"Maria Perfecta","description":"","publisher":{"@id":"https:\/\/mariaperfecta.com\/#organization"},"potentialAction":[{"@type":"SearchAction","target":{"@type":"EntryPoint","urlTemplate":"https:\/\/mariaperfecta.com\/?s={search_term_string}"},"query-input":{"@type":"PropertyValueSpecification","valueRequired":true,"valueName":"search_term_string"}}],"inLanguage":"es"},{"@type":"Organization","@id":"https:\/\/mariaperfecta.com\/#organization","name":"Maria Perfecta","url":"https:\/\/mariaperfecta.com\/","logo":{"@type":"ImageObject","inLanguage":"es","@id":"https:\/\/mariaperfecta.com\/#\/schema\/logo\/image\/","url":"https:\/\/mariaperfecta.com\/wp-content\/uploads\/2024\/08\/cropped-LOGO_MP_ABRIL_2024-removebg-preview-1-1.png","contentUrl":"https:\/\/mariaperfecta.com\/wp-content\/uploads\/2024\/08\/cropped-LOGO_MP_ABRIL_2024-removebg-preview-1-1.png","width":500,"height":500,"caption":"Maria Perfecta"},"image":{"@id":"https:\/\/mariaperfecta.com\/#\/schema\/logo\/image\/"}}]}},"_links":{"self":[{"href":"https:\/\/mariaperfecta.com\/index.php\/wp-json\/wp\/v2\/pages\/268","targetHints":{"allow":["GET"]}}],"collection":[{"href":"https:\/\/mariaperfecta.com\/index.php\/wp-json\/wp\/v2\/pages"}],"about":[{"href":"https:\/\/mariaperfecta.com\/index.php\/wp-json\/wp\/v2\/types\/page"}],"author":[{"embeddable":true,"href":"https:\/\/mariaperfecta.com\/index.php\/wp-json\/wp\/v2\/users\/1"}],"replies":[{"embeddable":true,"href":"https:\/\/mariaperfecta.com\/index.php\/wp-json\/wp\/v2\/comments?post=268"}],"version-history":[{"count":110,"href":"https:\/\/mariaperfecta.com\/index.php\/wp-json\/wp\/v2\/pages\/268\/revisions"}],"predecessor-version":[{"id":9287,"href":"https:\/\/mariaperfecta.com\/index.php\/wp-json\/wp\/v2\/pages\/268\/revisions\/9287"}],"wp:attachment":[{"href":"https:\/\/mariaperfecta.com\/index.php\/wp-json\/wp\/v2\/media?parent=268"}],"curies":[{"name":"wp","href":"https:\/\/api.w.org\/{rel}","templated":true}]}}