{"id":271,"date":"2023-04-26T16:41:44","date_gmt":"2023-04-26T16:41:44","guid":{"rendered":"https:\/\/mariaperfecta.com\/?page_id=271"},"modified":"2025-01-28T16:38:50","modified_gmt":"2025-01-28T16:38:50","slug":"politica-de-reembolso","status":"publish","type":"page","link":"https:\/\/mariaperfecta.com\/index.php\/politica-de-reembolso\/","title":{"rendered":"Pol\u00edtica de reembolso"},"content":{"rendered":"\t\t<div data-elementor-type=\"wp-page\" data-elementor-id=\"271\" class=\"elementor elementor-271\">\n\t\t\t\t\t\t<section class=\"elementor-section elementor-top-section elementor-element elementor-element-c252037 elementor-section-boxed elementor-section-height-default elementor-section-height-default\" data-id=\"c252037\" data-element_type=\"section\" data-e-type=\"section\" data-settings=\"{&quot;background_background&quot;:&quot;classic&quot;}\">\n\t\t\t\t\t\t\t<div class=\"elementor-background-overlay\"><\/div>\n\t\t\t\t\t\t\t<div class=\"elementor-container elementor-column-gap-default\">\n\t\t\t\t\t<div class=\"elementor-column elementor-col-50 elementor-top-column elementor-element elementor-element-4879620\" data-id=\"4879620\" data-element_type=\"column\" data-e-type=\"column\">\n\t\t\t<div class=\"elementor-widget-wrap\">\n\t\t\t\t\t\t\t<\/div>\n\t\t<\/div>\n\t\t\t\t<div class=\"elementor-column elementor-col-50 elementor-top-column elementor-element elementor-element-2365f35\" data-id=\"2365f35\" data-element_type=\"column\" data-e-type=\"column\">\n\t\t\t<div class=\"elementor-widget-wrap elementor-element-populated\">\n\t\t\t\t\t\t<section class=\"elementor-section elementor-inner-section elementor-element elementor-element-6c4b780 elementor-section-full_width elementor-section-height-default elementor-section-height-default\" data-id=\"6c4b780\" data-element_type=\"section\" data-e-type=\"section\" data-settings=\"{&quot;background_background&quot;:&quot;classic&quot;}\">\n\t\t\t\t\t\t<div class=\"elementor-container elementor-column-gap-no\">\n\t\t\t\t\t<div class=\"elementor-column elementor-col-100 elementor-inner-column elementor-element elementor-element-53cbfc3\" data-id=\"53cbfc3\" data-element_type=\"column\" data-e-type=\"column\">\n\t\t\t<div class=\"elementor-widget-wrap elementor-element-populated\">\n\t\t\t\t\t\t<div class=\"elementor-element elementor-element-68a450a elementor-widget elementor-widget-heading\" data-id=\"68a450a\" data-element_type=\"widget\" data-e-type=\"widget\" data-widget_type=\"heading.default\">\n\t\t\t\t<div class=\"elementor-widget-container\">\n\t\t\t\t\t<h2 class=\"elementor-heading-title elementor-size-default\">Pol\u00edtica de Reembolsos<\/h2>\t\t\t\t<\/div>\n\t\t\t\t<\/div>\n\t\t\t\t<div class=\"elementor-element elementor-element-30f26e1 elementor-widget-divider--view-line elementor-widget elementor-widget-divider\" data-id=\"30f26e1\" data-element_type=\"widget\" data-e-type=\"widget\" data-widget_type=\"divider.default\">\n\t\t\t\t<div class=\"elementor-widget-container\">\n\t\t\t\t\t\t\t<div class=\"elementor-divider\">\n\t\t\t<span class=\"elementor-divider-separator\">\n\t\t\t\t\t\t<\/span>\n\t\t<\/div>\n\t\t\t\t\t\t<\/div>\n\t\t\t\t<\/div>\n\t\t\t\t<div class=\"elementor-element elementor-element-48ecc00 elementor-widget elementor-widget-text-editor\" data-id=\"48ecc00\" data-element_type=\"widget\" data-e-type=\"widget\" data-widget_type=\"text-editor.default\">\n\t\t\t\t<div class=\"elementor-widget-container\">\n\t\t\t\t\t\t\t\t\t<h4>Maria Perfecta es el operador de Maria Perfecta (\u00abmariaperfecta.com\u00bb). Al realizar un pedido a trav\u00e9s de este sitio web, estar\u00e1 aceptando los t\u00e9rminos a continuaci\u00f3n. Estos se proporcionan para garantizar que ambas partes conozcan y est\u00e9n de acuerdo con este acuerdo para protegerse mutuamente y establecer expectativas sobre nuestro servicio.<\/h4>\t\t\t\t\t\t\t\t<\/div>\n\t\t\t\t<\/div>\n\t\t\t\t<div class=\"elementor-element elementor-element-f0644b9 elementor-widget elementor-widget-text-editor\" data-id=\"f0644b9\" data-element_type=\"widget\" data-e-type=\"widget\" data-widget_type=\"text-editor.default\">\n\t\t\t\t<div class=\"elementor-widget-container\">\n\t\t\t\t\t\t\t\t\t<p>Tenemos una pol\u00edtica de devoluci\u00f3n de 30 d\u00edas, lo que significa que tiene 30 d\u00edas despu\u00e9s de recibir su producto para solicitar una devoluci\u00f3n.<\/p>\n<p>Para ser elegible para una devoluci\u00f3n, su producto debe estar en las mismas condiciones en que lo recibi\u00f3, sin usar, con etiquetas y en su empaque original. Tambi\u00e9n necesitar\u00e1 el recibo o comprobante de compra.<\/p>\n<p>Para iniciar una devoluci\u00f3n, puede contactarnos en <b>mariaperfectamiamor@gmail.com <\/b>&nbsp;Si su devoluci\u00f3n es aceptada, le enviaremos las instrucciones necesarias sobre c\u00f3mo y d\u00f3nde enviar su paquete. No se aceptar\u00e1n los productos que se nos env\u00eden sin antes solicitar una devoluci\u00f3n.<\/p>\n<p>Siempre puede contactarnos para cualquier pregunta de devoluci\u00f3n en <b>mariaperfectamiamor@gmail.com<\/b><\/p>\n<p><b>Da\u00f1os y problemas<\/b><\/p>\n<p>Inspeccione su pedido al recibirlo y comun\u00edquese con nosotros de inmediato si el art\u00edculo est\u00e1 defectuoso, da\u00f1ado o si recibe el art\u00edculo incorrecto, para que podamos evaluar el problema y corregirlo.<\/p>\n<p><b>Excepciones \/ Productos no retornables<\/b><\/p>\n<p>Ciertos tipos de productos no se pueden devolver, como productos personalizados. Comun\u00edquese con nosotros si tiene preguntas o inquietudes sobre su producto en espec\u00edfico.<\/p>\n<p><strong><em><span style=\"font-size: 15px; color: var( --e-global-color-text );\">Desafortunadamente, no podemos aceptar devoluciones de art\u00edculos en oferta.<\/span><\/em><\/strong><\/p>\n<p><b>Intercambios<\/b><\/p>\n<p>La forma m\u00e1s r\u00e1pida de asegurarse de obtener lo que desea es contactarnos en <b>mariaperfectamiamor@gmail.com <\/b><span style=\"font-family: 'Open Sans', sans-serif; font-size: 15px; font-style: normal; font-variant-ligatures: normal; font-variant-caps: normal; font-weight: 400;\">&nbsp;<\/span>para devolver el art\u00edculo que tiene y, una vez que se acepte la devoluci\u00f3n, realice una compra por separado para recibir el nuevo art\u00edculo.<\/p>\n<p><b>Reembolsos<\/b><\/p>\n<p>Le notificaremos una vez que hayamos recibido e inspeccionado su devoluci\u00f3n y le informaremos si el reembolso fue aprobado o no. Si se aprueba, se le reembolsar\u00e1 autom\u00e1ticamente en su m\u00e9todo de pago original. Recuerde que su banco o compa\u00f1\u00eda de tarjeta de cr\u00e9dito puede demorar un tiempo en procesar y publicar el reembolso tambi\u00e9n.<\/p>\n<h3 class=\"type-subheading type-subheading--1\"><br><\/h3><h3 class=\"type-subheading type-subheading--1\">CONTACTO<\/h3>\n<div class=\"rte footer-article\">\n<p>Maria Perfecta<\/p>\n<p><strong>Bogot\u00e1, Colombia.<\/strong><br><a title=\"mailto:\/\/info@make-2d.com\" href=\"mailto:mariaperfectamiamor@gmail.com?subject=Asunto&amp;\" target=\"_blank\" rel=\"noopener\">mariaperfectamiamor@gmail.com<\/a><\/p>\n<p>Cel: (+57) 3028346125<\/p>\n<\/div>\t\t\t\t\t\t\t\t<\/div>\n\t\t\t\t<\/div>\n\t\t\t\t<div class=\"elementor-element elementor-element-d5ac245 elementor-widget-divider--view-line elementor-widget elementor-widget-divider\" data-id=\"d5ac245\" data-element_type=\"widget\" data-e-type=\"widget\" data-widget_type=\"divider.default\">\n\t\t\t\t<div class=\"elementor-widget-container\">\n\t\t\t\t\t\t\t<div class=\"elementor-divider\">\n\t\t\t<span class=\"elementor-divider-separator\">\n\t\t\t\t\t\t<\/span>\n\t\t<\/div>\n\t\t\t\t\t\t<\/div>\n\t\t\t\t<\/div>\n\t\t\t\t<div class=\"elementor-element elementor-element-8ae3155 e-grid-align-mobile-center elementor-shape-circle elementor-grid-6 e-grid-align-center elementor-widget elementor-widget-social-icons\" data-id=\"8ae3155\" data-element_type=\"widget\" data-e-type=\"widget\" data-widget_type=\"social-icons.default\">\n\t\t\t\t<div class=\"elementor-widget-container\">\n\t\t\t\t\t\t\t<div class=\"elementor-social-icons-wrapper elementor-grid\" role=\"list\">\n\t\t\t\t\t\t\t<span class=\"elementor-grid-item\" role=\"listitem\">\n\t\t\t\t\t<a class=\"elementor-icon elementor-social-icon elementor-social-icon-instagram elementor-animation-shrink elementor-repeater-item-fad0e3e\" target=\"_blank\">\n\t\t\t\t\t\t<span class=\"elementor-screen-only\">Instagram<\/span>\n\t\t\t\t\t\t<i aria-hidden=\"true\" class=\"fab fa-instagram\"><\/i>\t\t\t\t\t<\/a>\n\t\t\t\t<\/span>\n\t\t\t\t\t\t\t<span class=\"elementor-grid-item\" role=\"listitem\">\n\t\t\t\t\t<a class=\"elementor-icon elementor-social-icon elementor-social-icon-tiktok elementor-animation-shrink elementor-repeater-item-49c949c\" target=\"_blank\">\n\t\t\t\t\t\t<span class=\"elementor-screen-only\">Tiktok<\/span>\n\t\t\t\t\t\t<i aria-hidden=\"true\" class=\"fab fa-tiktok\"><\/i>\t\t\t\t\t<\/a>\n\t\t\t\t<\/span>\n\t\t\t\t\t\t\t<span class=\"elementor-grid-item\" role=\"listitem\">\n\t\t\t\t\t<a class=\"elementor-icon elementor-social-icon elementor-social-icon-youtube elementor-animation-shrink elementor-repeater-item-6e2661e\" target=\"_blank\">\n\t\t\t\t\t\t<span class=\"elementor-screen-only\">Youtube<\/span>\n\t\t\t\t\t\t<i aria-hidden=\"true\" class=\"fab fa-youtube\"><\/i>\t\t\t\t\t<\/a>\n\t\t\t\t<\/span>\n\t\t\t\t\t\t\t<span class=\"elementor-grid-item\" role=\"listitem\">\n\t\t\t\t\t<a class=\"elementor-icon elementor-social-icon elementor-social-icon-whatsapp elementor-animation-shrink elementor-repeater-item-1599248\" href=\"http:\/\/chatwith.io\/s\/573028346125\" target=\"_blank\">\n\t\t\t\t\t\t<span class=\"elementor-screen-only\">Whatsapp<\/span>\n\t\t\t\t\t\t<i aria-hidden=\"true\" class=\"fab fa-whatsapp\"><\/i>\t\t\t\t\t<\/a>\n\t\t\t\t<\/span>\n\t\t\t\t\t\t\t<span class=\"elementor-grid-item\" role=\"listitem\">\n\t\t\t\t\t<a class=\"elementor-icon elementor-social-icon elementor-social-icon-pinterest elementor-animation-shrink elementor-repeater-item-08ff064\" target=\"_blank\">\n\t\t\t\t\t\t<span class=\"elementor-screen-only\">Pinterest<\/span>\n\t\t\t\t\t\t<i aria-hidden=\"true\" class=\"fab fa-pinterest\"><\/i>\t\t\t\t\t<\/a>\n\t\t\t\t<\/span>\n\t\t\t\t\t<\/div>\n\t\t\t\t\t\t<\/div>\n\t\t\t\t<\/div>\n\t\t\t\t\t<\/div>\n\t\t<\/div>\n\t\t\t\t\t<\/div>\n\t\t<\/section>\n\t\t\t\t\t<\/div>\n\t\t<\/div>\n\t\t\t\t\t<\/div>\n\t\t<\/section>\n\t\t\t\t<\/div>\n\t\t","protected":false},"excerpt":{"rendered":"<p>Pol\u00edtica de Reembolsos Maria Perfecta es el operador de Maria Perfecta (\u00abmariaperfecta.com\u00bb). Al realizar un pedido a trav\u00e9s de este sitio web, estar\u00e1 aceptando los t\u00e9rminos a continuaci\u00f3n. Estos se proporcionan para garantizar que ambas partes conozcan y est\u00e9n de acuerdo con este acuerdo para protegerse mutuamente y establecer expectativas sobre nuestro servicio. Tenemos una [&hellip;]<\/p>\n","protected":false},"author":1,"featured_media":0,"parent":0,"menu_order":0,"comment_status":"closed","ping_status":"closed","template":"","meta":{"ocean_post_layout":"","ocean_both_sidebars_style":"","ocean_both_sidebars_content_width":0,"ocean_both_sidebars_sidebars_width":0,"ocean_sidebar":"0","ocean_second_sidebar":"0","ocean_disable_margins":"enable","ocean_add_body_class":"","ocean_shortcode_before_top_bar":"","ocean_shortcode_after_top_bar":"","ocean_shortcode_before_header":"","ocean_shortcode_after_header":"","ocean_has_shortcode":"","ocean_shortcode_after_title":"","ocean_shortcode_before_footer_widgets":"","ocean_shortcode_after_footer_widgets":"","ocean_shortcode_before_footer_bottom":"","ocean_shortcode_after_footer_bottom":"","ocean_display_top_bar":"default","ocean_display_header":"default","ocean_header_style":"","ocean_center_header_left_menu":"0","ocean_custom_header_template":"0","ocean_custom_logo":0,"ocean_custom_retina_logo":0,"ocean_custom_logo_max_width":0,"ocean_custom_logo_tablet_max_width":0,"ocean_custom_logo_mobile_max_width":0,"ocean_custom_logo_max_height":0,"ocean_custom_logo_tablet_max_height":0,"ocean_custom_logo_mobile_max_height":0,"ocean_header_custom_menu":"0","ocean_menu_typo_font_family":"0","ocean_menu_typo_font_subset":"","ocean_menu_typo_font_size":0,"ocean_menu_typo_font_size_tablet":0,"ocean_menu_typo_font_size_mobile":0,"ocean_menu_typo_font_size_unit":"px","ocean_menu_typo_font_weight":"","ocean_menu_typo_font_weight_tablet":"","ocean_menu_typo_font_weight_mobile":"","ocean_menu_typo_transform":"","ocean_menu_typo_transform_tablet":"","ocean_menu_typo_transform_mobile":"","ocean_menu_typo_line_height":0,"ocean_menu_typo_line_height_tablet":0,"ocean_menu_typo_line_height_mobile":0,"ocean_menu_typo_line_height_unit":"","ocean_menu_typo_spacing":0,"ocean_menu_typo_spacing_tablet":0,"ocean_menu_typo_spacing_mobile":0,"ocean_menu_typo_spacing_unit":"","ocean_menu_link_color":"","ocean_menu_link_color_hover":"","ocean_menu_link_color_active":"","ocean_menu_link_background":"","ocean_menu_link_hover_background":"","ocean_menu_link_active_background":"","ocean_menu_social_links_bg":"","ocean_menu_social_hover_links_bg":"","ocean_menu_social_links_color":"","ocean_menu_social_hover_links_color":"","ocean_disable_title":"default","ocean_disable_heading":"default","ocean_post_title":"","ocean_post_subheading":"","ocean_post_title_style":"","ocean_post_title_background_color":"","ocean_post_title_background":0,"ocean_post_title_bg_image_position":"","ocean_post_title_bg_image_attachment":"","ocean_post_title_bg_image_repeat":"","ocean_post_title_bg_image_size":"","ocean_post_title_height":0,"ocean_post_title_bg_overlay":0.5,"ocean_post_title_bg_overlay_color":"","ocean_disable_breadcrumbs":"default","ocean_breadcrumbs_color":"","ocean_breadcrumbs_separator_color":"","ocean_breadcrumbs_links_color":"","ocean_breadcrumbs_links_hover_color":"","ocean_display_footer_widgets":"default","ocean_display_footer_bottom":"default","ocean_custom_footer_template":"0","_joinchat":[],"footnotes":""},"class_list":["post-271","page","type-page","status-publish","hentry","entry"],"yoast_head":"<!-- This site is optimized with the Yoast SEO plugin v27.4 - https:\/\/yoast.com\/product\/yoast-seo-wordpress\/ -->\n<title>Pol\u00edtica de reembolso - Maria Perfecta<\/title>\n<meta name=\"description\" content=\"Pol\u00edtica de reembolso: Tenemos una pol\u00edtica de devoluci\u00f3n de 30 d\u00edas, despu\u00e9s de recibir su producto para solicitar una devoluci\u00f3n.\" \/>\n<meta name=\"robots\" content=\"index, follow, max-snippet:-1, max-image-preview:large, max-video-preview:-1\" \/>\n<link rel=\"canonical\" href=\"https:\/\/mariaperfecta.com\/index.php\/politica-de-reembolso\/\" \/>\n<meta property=\"og:locale\" content=\"es_ES\" \/>\n<meta property=\"og:type\" content=\"article\" \/>\n<meta property=\"og:title\" content=\"Pol\u00edtica de reembolso\" \/>\n<meta property=\"og:description\" content=\"Pol\u00edtica de reembolso: Tenemos una pol\u00edtica de devoluci\u00f3n de 30 d\u00edas, despu\u00e9s de recibir su producto para solicitar una devoluci\u00f3n.\" \/>\n<meta property=\"og:url\" content=\"https:\/\/mariaperfecta.com\/index.php\/politica-de-reembolso\/\" \/>\n<meta property=\"og:site_name\" content=\"Maria Perfecta\" \/>\n<meta property=\"article:modified_time\" content=\"2025-01-28T16:38:50+00:00\" \/>\n<meta name=\"twitter:card\" content=\"summary_large_image\" \/>\n<meta name=\"twitter:title\" content=\"Pol\u00edtica de reembolso\" \/>\n<meta name=\"twitter:description\" content=\"Pol\u00edtica de reembolso: Tenemos una pol\u00edtica de devoluci\u00f3n de 30 d\u00edas, despu\u00e9s de recibir su producto para solicitar una devoluci\u00f3n.\" \/>\n<meta name=\"twitter:label1\" content=\"Tiempo de lectura\" \/>\n\t<meta name=\"twitter:data1\" content=\"2 minutos\" \/>\n<script type=\"application\/ld+json\" class=\"yoast-schema-graph\">{\"@context\":\"https:\\\/\\\/schema.org\",\"@graph\":[{\"@type\":\"WebPage\",\"@id\":\"https:\\\/\\\/mariaperfecta.com\\\/index.php\\\/politica-de-reembolso\\\/\",\"url\":\"https:\\\/\\\/mariaperfecta.com\\\/index.php\\\/politica-de-reembolso\\\/\",\"name\":\"Pol\u00edtica de reembolso - Maria Perfecta\",\"isPartOf\":{\"@id\":\"https:\\\/\\\/mariaperfecta.com\\\/#website\"},\"datePublished\":\"2023-04-26T16:41:44+00:00\",\"dateModified\":\"2025-01-28T16:38:50+00:00\",\"description\":\"Pol\u00edtica de reembolso: Tenemos una pol\u00edtica de devoluci\u00f3n de 30 d\u00edas, despu\u00e9s de recibir su producto para solicitar una devoluci\u00f3n.\",\"breadcrumb\":{\"@id\":\"https:\\\/\\\/mariaperfecta.com\\\/index.php\\\/politica-de-reembolso\\\/#breadcrumb\"},\"inLanguage\":\"es\",\"potentialAction\":[{\"@type\":\"ReadAction\",\"target\":[\"https:\\\/\\\/mariaperfecta.com\\\/index.php\\\/politica-de-reembolso\\\/\"]}]},{\"@type\":\"BreadcrumbList\",\"@id\":\"https:\\\/\\\/mariaperfecta.com\\\/index.php\\\/politica-de-reembolso\\\/#breadcrumb\",\"itemListElement\":[{\"@type\":\"ListItem\",\"position\":1,\"name\":\"Portada\",\"item\":\"https:\\\/\\\/mariaperfecta.com\\\/\"},{\"@type\":\"ListItem\",\"position\":2,\"name\":\"Pol\u00edtica de reembolso\"}]},{\"@type\":\"WebSite\",\"@id\":\"https:\\\/\\\/mariaperfecta.com\\\/#website\",\"url\":\"https:\\\/\\\/mariaperfecta.com\\\/\",\"name\":\"Maria Perfecta\",\"description\":\"\",\"publisher\":{\"@id\":\"https:\\\/\\\/mariaperfecta.com\\\/#organization\"},\"potentialAction\":[{\"@type\":\"SearchAction\",\"target\":{\"@type\":\"EntryPoint\",\"urlTemplate\":\"https:\\\/\\\/mariaperfecta.com\\\/?s={search_term_string}\"},\"query-input\":{\"@type\":\"PropertyValueSpecification\",\"valueRequired\":true,\"valueName\":\"search_term_string\"}}],\"inLanguage\":\"es\"},{\"@type\":\"Organization\",\"@id\":\"https:\\\/\\\/mariaperfecta.com\\\/#organization\",\"name\":\"Maria Perfecta\",\"url\":\"https:\\\/\\\/mariaperfecta.com\\\/\",\"logo\":{\"@type\":\"ImageObject\",\"inLanguage\":\"es\",\"@id\":\"https:\\\/\\\/mariaperfecta.com\\\/#\\\/schema\\\/logo\\\/image\\\/\",\"url\":\"https:\\\/\\\/mariaperfecta.com\\\/wp-content\\\/uploads\\\/2024\\\/08\\\/cropped-LOGO_MP_ABRIL_2024-removebg-preview-1-1.png\",\"contentUrl\":\"https:\\\/\\\/mariaperfecta.com\\\/wp-content\\\/uploads\\\/2024\\\/08\\\/cropped-LOGO_MP_ABRIL_2024-removebg-preview-1-1.png\",\"width\":500,\"height\":500,\"caption\":\"Maria Perfecta\"},\"image\":{\"@id\":\"https:\\\/\\\/mariaperfecta.com\\\/#\\\/schema\\\/logo\\\/image\\\/\"}}]}<\/script>\n<!-- \/ Yoast SEO plugin. -->","yoast_head_json":{"title":"Pol\u00edtica de reembolso - Maria Perfecta","description":"Pol\u00edtica de reembolso: Tenemos una pol\u00edtica de devoluci\u00f3n de 30 d\u00edas, despu\u00e9s de recibir su producto para solicitar una devoluci\u00f3n.","robots":{"index":"index","follow":"follow","max-snippet":"max-snippet:-1","max-image-preview":"max-image-preview:large","max-video-preview":"max-video-preview:-1"},"canonical":"https:\/\/mariaperfecta.com\/index.php\/politica-de-reembolso\/","og_locale":"es_ES","og_type":"article","og_title":"Pol\u00edtica de reembolso","og_description":"Pol\u00edtica de reembolso: Tenemos una pol\u00edtica de devoluci\u00f3n de 30 d\u00edas, despu\u00e9s de recibir su producto para solicitar una devoluci\u00f3n.","og_url":"https:\/\/mariaperfecta.com\/index.php\/politica-de-reembolso\/","og_site_name":"Maria Perfecta","article_modified_time":"2025-01-28T16:38:50+00:00","twitter_card":"summary_large_image","twitter_title":"Pol\u00edtica de reembolso","twitter_description":"Pol\u00edtica de reembolso: Tenemos una pol\u00edtica de devoluci\u00f3n de 30 d\u00edas, despu\u00e9s de recibir su producto para solicitar una devoluci\u00f3n.","twitter_misc":{"Tiempo de lectura":"2 minutos"},"schema":{"@context":"https:\/\/schema.org","@graph":[{"@type":"WebPage","@id":"https:\/\/mariaperfecta.com\/index.php\/politica-de-reembolso\/","url":"https:\/\/mariaperfecta.com\/index.php\/politica-de-reembolso\/","name":"Pol\u00edtica de reembolso - Maria Perfecta","isPartOf":{"@id":"https:\/\/mariaperfecta.com\/#website"},"datePublished":"2023-04-26T16:41:44+00:00","dateModified":"2025-01-28T16:38:50+00:00","description":"Pol\u00edtica de reembolso: Tenemos una pol\u00edtica de devoluci\u00f3n de 30 d\u00edas, despu\u00e9s de recibir su producto para solicitar una devoluci\u00f3n.","breadcrumb":{"@id":"https:\/\/mariaperfecta.com\/index.php\/politica-de-reembolso\/#breadcrumb"},"inLanguage":"es","potentialAction":[{"@type":"ReadAction","target":["https:\/\/mariaperfecta.com\/index.php\/politica-de-reembolso\/"]}]},{"@type":"BreadcrumbList","@id":"https:\/\/mariaperfecta.com\/index.php\/politica-de-reembolso\/#breadcrumb","itemListElement":[{"@type":"ListItem","position":1,"name":"Portada","item":"https:\/\/mariaperfecta.com\/"},{"@type":"ListItem","position":2,"name":"Pol\u00edtica de reembolso"}]},{"@type":"WebSite","@id":"https:\/\/mariaperfecta.com\/#website","url":"https:\/\/mariaperfecta.com\/","name":"Maria Perfecta","description":"","publisher":{"@id":"https:\/\/mariaperfecta.com\/#organization"},"potentialAction":[{"@type":"SearchAction","target":{"@type":"EntryPoint","urlTemplate":"https:\/\/mariaperfecta.com\/?s={search_term_string}"},"query-input":{"@type":"PropertyValueSpecification","valueRequired":true,"valueName":"search_term_string"}}],"inLanguage":"es"},{"@type":"Organization","@id":"https:\/\/mariaperfecta.com\/#organization","name":"Maria Perfecta","url":"https:\/\/mariaperfecta.com\/","logo":{"@type":"ImageObject","inLanguage":"es","@id":"https:\/\/mariaperfecta.com\/#\/schema\/logo\/image\/","url":"https:\/\/mariaperfecta.com\/wp-content\/uploads\/2024\/08\/cropped-LOGO_MP_ABRIL_2024-removebg-preview-1-1.png","contentUrl":"https:\/\/mariaperfecta.com\/wp-content\/uploads\/2024\/08\/cropped-LOGO_MP_ABRIL_2024-removebg-preview-1-1.png","width":500,"height":500,"caption":"Maria Perfecta"},"image":{"@id":"https:\/\/mariaperfecta.com\/#\/schema\/logo\/image\/"}}]}},"_links":{"self":[{"href":"https:\/\/mariaperfecta.com\/index.php\/wp-json\/wp\/v2\/pages\/271","targetHints":{"allow":["GET"]}}],"collection":[{"href":"https:\/\/mariaperfecta.com\/index.php\/wp-json\/wp\/v2\/pages"}],"about":[{"href":"https:\/\/mariaperfecta.com\/index.php\/wp-json\/wp\/v2\/types\/page"}],"author":[{"embeddable":true,"href":"https:\/\/mariaperfecta.com\/index.php\/wp-json\/wp\/v2\/users\/1"}],"replies":[{"embeddable":true,"href":"https:\/\/mariaperfecta.com\/index.php\/wp-json\/wp\/v2\/comments?post=271"}],"version-history":[{"count":54,"href":"https:\/\/mariaperfecta.com\/index.php\/wp-json\/wp\/v2\/pages\/271\/revisions"}],"predecessor-version":[{"id":8984,"href":"https:\/\/mariaperfecta.com\/index.php\/wp-json\/wp\/v2\/pages\/271\/revisions\/8984"}],"wp:attachment":[{"href":"https:\/\/mariaperfecta.com\/index.php\/wp-json\/wp\/v2\/media?parent=271"}],"curies":[{"name":"wp","href":"https:\/\/api.w.org\/{rel}","templated":true}]}}