{"id":275,"date":"2023-04-26T16:57:08","date_gmt":"2023-04-26T16:57:08","guid":{"rendered":"https:\/\/mariaperfecta.com\/?page_id=275"},"modified":"2025-01-29T16:26:56","modified_gmt":"2025-01-29T16:26:56","slug":"politica-de-envios","status":"publish","type":"page","link":"https:\/\/mariaperfecta.com\/index.php\/politica-de-envios\/","title":{"rendered":"Pol\u00edtica de Env\u00edos"},"content":{"rendered":"\t\t<div data-elementor-type=\"wp-page\" data-elementor-id=\"275\" class=\"elementor elementor-275\">\n\t\t\t\t\t\t<section class=\"elementor-section elementor-top-section elementor-element elementor-element-716cdfb elementor-section-boxed elementor-section-height-default elementor-section-height-default\" data-id=\"716cdfb\" data-element_type=\"section\" data-e-type=\"section\" data-settings=\"{&quot;background_background&quot;:&quot;classic&quot;}\">\n\t\t\t\t\t\t\t<div class=\"elementor-background-overlay\"><\/div>\n\t\t\t\t\t\t\t<div class=\"elementor-container elementor-column-gap-default\">\n\t\t\t\t\t<div class=\"elementor-column elementor-col-50 elementor-top-column elementor-element elementor-element-5d635553\" data-id=\"5d635553\" data-element_type=\"column\" data-e-type=\"column\">\n\t\t\t<div class=\"elementor-widget-wrap\">\n\t\t\t\t\t\t\t<\/div>\n\t\t<\/div>\n\t\t\t\t<div class=\"elementor-column elementor-col-50 elementor-top-column elementor-element elementor-element-357c2f40\" data-id=\"357c2f40\" data-element_type=\"column\" data-e-type=\"column\">\n\t\t\t<div class=\"elementor-widget-wrap elementor-element-populated\">\n\t\t\t\t\t\t<section class=\"elementor-section elementor-inner-section elementor-element elementor-element-9204689 elementor-section-full_width elementor-section-height-default elementor-section-height-default\" data-id=\"9204689\" data-element_type=\"section\" data-e-type=\"section\" data-settings=\"{&quot;background_background&quot;:&quot;classic&quot;}\">\n\t\t\t\t\t\t<div class=\"elementor-container elementor-column-gap-no\">\n\t\t\t\t\t<div class=\"elementor-column elementor-col-100 elementor-inner-column elementor-element elementor-element-2bceeffb\" data-id=\"2bceeffb\" data-element_type=\"column\" data-e-type=\"column\">\n\t\t\t<div class=\"elementor-widget-wrap elementor-element-populated\">\n\t\t\t\t\t\t<div class=\"elementor-element elementor-element-3eb69d33 elementor-widget elementor-widget-heading\" data-id=\"3eb69d33\" data-element_type=\"widget\" data-e-type=\"widget\" data-widget_type=\"heading.default\">\n\t\t\t\t<div class=\"elementor-widget-container\">\n\t\t\t\t\t<h2 class=\"elementor-heading-title elementor-size-default\">Pol\u00edtica de env\u00edos<\/h2>\t\t\t\t<\/div>\n\t\t\t\t<\/div>\n\t\t\t\t<div class=\"elementor-element elementor-element-f79a01f elementor-widget-divider--view-line elementor-widget elementor-widget-divider\" data-id=\"f79a01f\" data-element_type=\"widget\" data-e-type=\"widget\" data-widget_type=\"divider.default\">\n\t\t\t\t<div class=\"elementor-widget-container\">\n\t\t\t\t\t\t\t<div class=\"elementor-divider\">\n\t\t\t<span class=\"elementor-divider-separator\">\n\t\t\t\t\t\t<\/span>\n\t\t<\/div>\n\t\t\t\t\t\t<\/div>\n\t\t\t\t<\/div>\n\t\t\t\t<div class=\"elementor-element elementor-element-217ca8d elementor-widget elementor-widget-text-editor\" data-id=\"217ca8d\" data-element_type=\"widget\" data-e-type=\"widget\" data-widget_type=\"text-editor.default\">\n\t\t\t\t<div class=\"elementor-widget-container\">\n\t\t\t\t\t\t\t\t\t<h4>Maria Perfecta es el operador de Maria Perfecta (\u00abmariaperfecta.com\u00bb). Al realizar un pedido a trav\u00e9s de este sitio web, estar\u00e1 aceptando los t\u00e9rminos a continuaci\u00f3n. Estos se proporcionan para garantizar que ambas partes conozcan y est\u00e9n de acuerdo con este acuerdo para protegerse mutuamente y establecer expectativas sobre nuestro servicio.<\/h4>\t\t\t\t\t\t\t\t<\/div>\n\t\t\t\t<\/div>\n\t\t\t\t<div class=\"elementor-element elementor-element-3c38cbc2 elementor-widget elementor-widget-text-editor\" data-id=\"3c38cbc2\" data-element_type=\"widget\" data-e-type=\"widget\" data-widget_type=\"text-editor.default\">\n\t\t\t\t<div class=\"elementor-widget-container\">\n\t\t\t\t\t\t\t\t\t<p><strong>General<\/strong><\/p><p>Sujeto a disponibilidad de inventario. Tratamos de mantener conteos de existencias precisos en nuestro sitio web, pero de vez en cuando, puede haber una discrepancia de existencias y no podremos cumplir con todos sus art\u00edculos en el momento de la compra. En este caso, le entregaremos los productos disponibles y le contactaremos para informarle si prefiere esperar la reposici\u00f3n del art\u00edculo pendiente o si prefiere que procesemos un reembolso.<\/p><p><strong>Gastos de env\u00edo (si aplica)<\/strong><\/p><p>Los costos de env\u00edo se calculan durante el pago seg\u00fan el peso, las dimensiones y el destino de los art\u00edculos en el pedido.<\/p><p>El pago del env\u00edo se cobrar\u00e1 con la compra.<\/p><p>Este precio ser\u00e1 el precio final por costo de env\u00edo al cliente.<\/p><p><strong>Devoluciones<\/strong><\/p><p><b style=\"font-size: 15px;\">*Devoluci\u00f3n por cambio de opini\u00f3n<\/b><\/p><p>Maria Perfecta aceptar\u00e1 gustosamente devoluciones debido a un cambio de opini\u00f3n siempre que recibamos una solicitud de devoluci\u00f3n dentro de los 5 d\u00edas posteriores a la recepci\u00f3n del art\u00edculo y el art\u00edculo nos sea devuelto en su embalaje original, sin usar y en condiciones de reventa. El env\u00edo de devoluci\u00f3n correr\u00e1 a cargo del cliente y deber\u00e1 organizar su propio env\u00edo. Una vez recibidas y aceptadas las devoluciones, los reembolsos se procesar\u00e1n para almacenar cr\u00e9dito para una compra futura. Le notificaremos una vez que esto se haya completado por correo electr\u00f3nico.<\/p><p>(Maria Perfecta) reembolsar\u00e1 el valor de los bienes devueltos pero NO reembolsar\u00e1 el valor de ning\u00fan env\u00edo pagado.<\/p><p><b>Devoluciones en garant\u00eda<\/b><\/p><p>Maria Perfecta respetar\u00e1 cualquier reclamo de garant\u00eda v\u00e1lido, siempre que se presente un reclamo dentro de los 30 d\u00edas posteriores a la recepci\u00f3n de los art\u00edculos.<\/p><p>Los clientes deber\u00e1n pagar por adelantado el env\u00edo de devoluci\u00f3n, sin embargo, le reembolsaremos una vez que el reclamo de garant\u00eda sea exitoso.<\/p><p>Al recibir la devoluci\u00f3n de los art\u00edculos para el reclamo de garant\u00eda, puede esperar que Maria Perfecta procese su reclamo de garant\u00eda dentro de los 7 d\u00edas.<\/p><p>Una vez que se confirme el reclamo de garant\u00eda, recibir\u00e1 la opci\u00f3n de:<\/p><p>(a) reembolso a su m\u00e9todo de pago<\/p><p>(b) un reembolso en el cr\u00e9dito de la tienda<\/p><p>(c) un art\u00edculo de reemplazo enviado a usted (si el stock est\u00e1 disponible)<\/p><p><span style=\"font-size: 15px;\"><b>Tiempos de entrega<\/b><\/span><\/p><p><b>Tiempo de tr\u00e1nsito a nivel nacional<\/b><\/p><p>En general, los env\u00edos nacionales est\u00e1n en tr\u00e1nsito de hasta 7 d\u00edas.<\/p><p><b>Tiempo de tr\u00e1nsito internacionalmente<\/b><\/p><p>Generalmente, los pedidos enviados internacionalmente est\u00e1n en tr\u00e1nsito durante 4 a 22 d\u00edas. Esto var\u00eda mucho seg\u00fan el pa\u00eds al que se enviar\u00e1 el art\u00edculo. Podemos ofrecer un presupuesto m\u00e1s espec\u00edfico cuando selecciona su m\u00e9todo de env\u00edo preferido al finalizar la compra.<\/p><p><b>Tiempo de env\u00edo<\/b><\/p><p>Los pedidos generalmente se env\u00edan dentro de los 2 d\u00edas h\u00e1biles posteriores al pago de un pedido. Nuestro almac\u00e9n opera de lunes a viernes durante el horario comercial est\u00e1ndar, excepto los d\u00edas festivos nacionales en los que el almac\u00e9n estar\u00e1 cerrado. En estos casos, tomamos medidas para garantizar que los retrasos en los env\u00edos se mantengan al m\u00ednimo.<\/p><p><b>Cambio de direcci\u00f3n de entrega<\/b><\/p><p>Para las solicitudes de cambio de direcci\u00f3n de entrega, podemos cambiar la direcci\u00f3n en cualquier momento antes de que se haya enviado el pedido.<\/p><p><b>P.O. Env\u00edo de caja<\/b><\/p><p>Maria Perfecta no puede ofrecer servicios de mensajer\u00eda a estas ubicaciones.<\/p><p><b>Art\u00edculos agotados<\/b><\/p><p>Si un art\u00edculo est\u00e1 agotado, enviaremos los art\u00edculos en inventario inmediatamente y enviaremos los art\u00edculos restantes una vez que vuelvan a estar disponibles.<\/p><p><b>Excedido el tiempo de entrega<\/b><\/p><p>Si el tiempo de entrega ha superado el tiempo previsto, comun\u00edquese con nosotros para que podamos realizar una investigaci\u00f3n.<\/p><p><strong>Seguimiento de notificaciones<\/strong><\/p><p>Tras el env\u00edo, los clientes recibir\u00e1n un enlace de seguimiento desde el que podr\u00e1n seguir el progreso de su env\u00edo en funci\u00f3n de las \u00faltimas actualizaciones disponibles por el proveedor de env\u00edo.<\/p><p><strong>Paquetes da\u00f1ados en tr\u00e1nsito<\/strong><\/p><p>Si encuentra que un paquete est\u00e1 da\u00f1ado durante el transporte, si es posible, rechace el paquete del servicio de mensajer\u00eda y p\u00f3ngase en contacto con nuestro servicio de atenci\u00f3n al cliente. Si el paquete se entreg\u00f3 sin que usted estuviera presente, comun\u00edquese con el servicio de atenci\u00f3n al cliente con los siguientes pasos.<\/p><p><b>Derechos e impuestos de importaci\u00f3n<\/b><\/p><p>Es posible que los aranceles e impuestos de importaci\u00f3n para env\u00edos internacionales deban pagarse a la llegada al pa\u00eds de destino. Esto var\u00eda seg\u00fan el pa\u00eds, y Maria Perfecta lo alienta a conocer estos costos potenciales antes de realizar un pedido con nosotros.<\/p><p>Si se niega a pagar aranceles e impuestos al llegar a su pa\u00eds de destino, los productos se devolver\u00e1n a Maria Perfecta a cargo del cliente, y el cliente recibir\u00e1 un reembolso por el valor de los productos pagados, menos el costo del env\u00edo de devoluci\u00f3n. No se reembolsar\u00e1 el costo del env\u00edo inicial.<\/p><p><strong>Cancelaciones<\/strong><b><\/b><\/p><p>Si cambia de opini\u00f3n antes de recibir su pedido, podemos aceptar cancelaciones en cualquier momento antes de que se haya enviado el pedido. Si ya se envi\u00f3 un pedido, consulte nuestra pol\u00edtica de reembolso.<\/p><p><strong>Seguro<\/strong><\/p><p>Los paquetes est\u00e1n asegurados por p\u00e9rdida y da\u00f1o hasta el valor indicado por el mensajero.<\/p><p><b>Proceso para paquetes da\u00f1ados en tr\u00e1nsito<\/b><\/p><p>Procesaremos un reembolso o reemplazo tan pronto como el mensajero haya completado su investigaci\u00f3n sobre el reclamo.<\/p><p><b>Proceso para paquetes perdidos en tr\u00e1nsito<\/b><\/p><p>Procesaremos un reembolso o reemplazo tan pronto como el servicio de mensajer\u00eda haya realizado una investigaci\u00f3n y considere que el paquete se perdi\u00f3.<\/p><p><strong>Servicio al cliente<\/strong><\/p><p>Para todas consultas de servicio al cliente, env\u00edenos un correo electr\u00f3nico a mariaperfectamiamor@gmail.com<\/p>\t\t\t\t\t\t\t\t<\/div>\n\t\t\t\t<\/div>\n\t\t\t\t<div class=\"elementor-element elementor-element-f74f55d elementor-widget-divider--view-line elementor-widget elementor-widget-divider\" data-id=\"f74f55d\" data-element_type=\"widget\" data-e-type=\"widget\" data-widget_type=\"divider.default\">\n\t\t\t\t<div class=\"elementor-widget-container\">\n\t\t\t\t\t\t\t<div class=\"elementor-divider\">\n\t\t\t<span class=\"elementor-divider-separator\">\n\t\t\t\t\t\t<\/span>\n\t\t<\/div>\n\t\t\t\t\t\t<\/div>\n\t\t\t\t<\/div>\n\t\t\t\t<div class=\"elementor-element elementor-element-0401f33 e-grid-align-mobile-center elementor-shape-circle elementor-grid-6 e-grid-align-center elementor-widget elementor-widget-social-icons\" data-id=\"0401f33\" data-element_type=\"widget\" data-e-type=\"widget\" data-widget_type=\"social-icons.default\">\n\t\t\t\t<div class=\"elementor-widget-container\">\n\t\t\t\t\t\t\t<div class=\"elementor-social-icons-wrapper elementor-grid\" role=\"list\">\n\t\t\t\t\t\t\t<span class=\"elementor-grid-item\" role=\"listitem\">\n\t\t\t\t\t<a class=\"elementor-icon elementor-social-icon elementor-social-icon-instagram elementor-animation-shrink elementor-repeater-item-fad0e3e\" href=\"https:\/\/www.instagram.com\/mariaperfectamiamor\/\" target=\"_blank\">\n\t\t\t\t\t\t<span class=\"elementor-screen-only\">Instagram<\/span>\n\t\t\t\t\t\t<i aria-hidden=\"true\" class=\"fab fa-instagram\"><\/i>\t\t\t\t\t<\/a>\n\t\t\t\t<\/span>\n\t\t\t\t\t\t\t<span class=\"elementor-grid-item\" role=\"listitem\">\n\t\t\t\t\t<a class=\"elementor-icon elementor-social-icon elementor-social-icon-tiktok elementor-animation-shrink elementor-repeater-item-49c949c\" href=\"https:\/\/www.tiktok.com\/@mariaperfecta_\" target=\"_blank\">\n\t\t\t\t\t\t<span class=\"elementor-screen-only\">Tiktok<\/span>\n\t\t\t\t\t\t<i aria-hidden=\"true\" class=\"fab fa-tiktok\"><\/i>\t\t\t\t\t<\/a>\n\t\t\t\t<\/span>\n\t\t\t\t\t\t\t<span class=\"elementor-grid-item\" role=\"listitem\">\n\t\t\t\t\t<a class=\"elementor-icon elementor-social-icon elementor-social-icon-youtube elementor-animation-shrink elementor-repeater-item-6e2661e\" href=\"https:\/\/www.youtube.com\/channel\/UCA2wWCgeDD1zxAqBLGoBDSA\" target=\"_blank\">\n\t\t\t\t\t\t<span class=\"elementor-screen-only\">Youtube<\/span>\n\t\t\t\t\t\t<i aria-hidden=\"true\" class=\"fab fa-youtube\"><\/i>\t\t\t\t\t<\/a>\n\t\t\t\t<\/span>\n\t\t\t\t\t\t\t<span class=\"elementor-grid-item\" role=\"listitem\">\n\t\t\t\t\t<a class=\"elementor-icon elementor-social-icon elementor-social-icon-whatsapp elementor-animation-shrink elementor-repeater-item-1599248\" href=\"http:\/\/chatwith.io\/s\/573028346125\" target=\"_blank\">\n\t\t\t\t\t\t<span class=\"elementor-screen-only\">Whatsapp<\/span>\n\t\t\t\t\t\t<i aria-hidden=\"true\" class=\"fab fa-whatsapp\"><\/i>\t\t\t\t\t<\/a>\n\t\t\t\t<\/span>\n\t\t\t\t\t\t\t<span class=\"elementor-grid-item\" role=\"listitem\">\n\t\t\t\t\t<a class=\"elementor-icon elementor-social-icon elementor-social-icon-pinterest elementor-animation-shrink elementor-repeater-item-08ff064\" href=\"https:\/\/co.pinterest.com\/MariaPerfecta2\/\" target=\"_blank\">\n\t\t\t\t\t\t<span class=\"elementor-screen-only\">Pinterest<\/span>\n\t\t\t\t\t\t<i aria-hidden=\"true\" class=\"fab fa-pinterest\"><\/i>\t\t\t\t\t<\/a>\n\t\t\t\t<\/span>\n\t\t\t\t\t<\/div>\n\t\t\t\t\t\t<\/div>\n\t\t\t\t<\/div>\n\t\t\t\t\t<\/div>\n\t\t<\/div>\n\t\t\t\t\t<\/div>\n\t\t<\/section>\n\t\t\t\t\t<\/div>\n\t\t<\/div>\n\t\t\t\t\t<\/div>\n\t\t<\/section>\n\t\t\t\t<\/div>\n\t\t","protected":false},"excerpt":{"rendered":"<p>Pol\u00edtica de env\u00edos Maria Perfecta es el operador de Maria Perfecta (\u00abmariaperfecta.com\u00bb). Al realizar un pedido a trav\u00e9s de este sitio web, estar\u00e1 aceptando los t\u00e9rminos a continuaci\u00f3n. Estos se proporcionan para garantizar que ambas partes conozcan y est\u00e9n de acuerdo con este acuerdo para protegerse mutuamente y establecer expectativas sobre nuestro servicio. General Sujeto [&hellip;]<\/p>\n","protected":false},"author":1,"featured_media":0,"parent":0,"menu_order":0,"comment_status":"closed","ping_status":"closed","template":"","meta":{"ocean_post_layout":"","ocean_both_sidebars_style":"","ocean_both_sidebars_content_width":0,"ocean_both_sidebars_sidebars_width":0,"ocean_sidebar":"0","ocean_second_sidebar":"0","ocean_disable_margins":"enable","ocean_add_body_class":"","ocean_shortcode_before_top_bar":"","ocean_shortcode_after_top_bar":"","ocean_shortcode_before_header":"","ocean_shortcode_after_header":"","ocean_has_shortcode":"","ocean_shortcode_after_title":"","ocean_shortcode_before_footer_widgets":"","ocean_shortcode_after_footer_widgets":"","ocean_shortcode_before_footer_bottom":"","ocean_shortcode_after_footer_bottom":"","ocean_display_top_bar":"default","ocean_display_header":"default","ocean_header_style":"","ocean_center_header_left_menu":"0","ocean_custom_header_template":"0","ocean_custom_logo":0,"ocean_custom_retina_logo":0,"ocean_custom_logo_max_width":0,"ocean_custom_logo_tablet_max_width":0,"ocean_custom_logo_mobile_max_width":0,"ocean_custom_logo_max_height":0,"ocean_custom_logo_tablet_max_height":0,"ocean_custom_logo_mobile_max_height":0,"ocean_header_custom_menu":"0","ocean_menu_typo_font_family":"0","ocean_menu_typo_font_subset":"","ocean_menu_typo_font_size":0,"ocean_menu_typo_font_size_tablet":0,"ocean_menu_typo_font_size_mobile":0,"ocean_menu_typo_font_size_unit":"px","ocean_menu_typo_font_weight":"","ocean_menu_typo_font_weight_tablet":"","ocean_menu_typo_font_weight_mobile":"","ocean_menu_typo_transform":"","ocean_menu_typo_transform_tablet":"","ocean_menu_typo_transform_mobile":"","ocean_menu_typo_line_height":0,"ocean_menu_typo_line_height_tablet":0,"ocean_menu_typo_line_height_mobile":0,"ocean_menu_typo_line_height_unit":"","ocean_menu_typo_spacing":0,"ocean_menu_typo_spacing_tablet":0,"ocean_menu_typo_spacing_mobile":0,"ocean_menu_typo_spacing_unit":"","ocean_menu_link_color":"","ocean_menu_link_color_hover":"","ocean_menu_link_color_active":"","ocean_menu_link_background":"","ocean_menu_link_hover_background":"","ocean_menu_link_active_background":"","ocean_menu_social_links_bg":"","ocean_menu_social_hover_links_bg":"","ocean_menu_social_links_color":"","ocean_menu_social_hover_links_color":"","ocean_disable_title":"default","ocean_disable_heading":"default","ocean_post_title":"","ocean_post_subheading":"","ocean_post_title_style":"","ocean_post_title_background_color":"","ocean_post_title_background":0,"ocean_post_title_bg_image_position":"","ocean_post_title_bg_image_attachment":"","ocean_post_title_bg_image_repeat":"","ocean_post_title_bg_image_size":"","ocean_post_title_height":0,"ocean_post_title_bg_overlay":0.5,"ocean_post_title_bg_overlay_color":"","ocean_disable_breadcrumbs":"default","ocean_breadcrumbs_color":"","ocean_breadcrumbs_separator_color":"","ocean_breadcrumbs_links_color":"","ocean_breadcrumbs_links_hover_color":"","ocean_display_footer_widgets":"default","ocean_display_footer_bottom":"default","ocean_custom_footer_template":"0","_joinchat":[],"footnotes":""},"class_list":["post-275","page","type-page","status-publish","hentry","entry"],"yoast_head":"<!-- This site is optimized with the Yoast SEO plugin v27.4 - https:\/\/yoast.com\/product\/yoast-seo-wordpress\/ -->\n<title>Pol\u00edtica de Env\u00edos - Maria Perfecta<\/title>\n<meta name=\"description\" content=\"Nuestra Pol\u00edtica de env\u00edos: Al realizar un pedido a trav\u00e9s de este sitio web, estar\u00e1 aceptando los t\u00e9rminos a continuaci\u00f3n.\" \/>\n<meta name=\"robots\" content=\"index, follow, max-snippet:-1, max-image-preview:large, max-video-preview:-1\" \/>\n<link rel=\"canonical\" href=\"https:\/\/mariaperfecta.com\/index.php\/politica-de-envios\/\" \/>\n<meta property=\"og:locale\" content=\"es_ES\" \/>\n<meta property=\"og:type\" content=\"article\" \/>\n<meta property=\"og:title\" content=\"Pol\u00edtica de env\u00edos\" \/>\n<meta property=\"og:description\" content=\"Nuestra Pol\u00edtica de env\u00edos: Al realizar un pedido a trav\u00e9s de este sitio web, estar\u00e1 aceptando los t\u00e9rminos a continuaci\u00f3n.\" \/>\n<meta property=\"og:url\" content=\"https:\/\/mariaperfecta.com\/index.php\/politica-de-envios\/\" \/>\n<meta property=\"og:site_name\" content=\"Maria Perfecta\" \/>\n<meta property=\"article:modified_time\" content=\"2025-01-29T16:26:56+00:00\" \/>\n<meta name=\"twitter:card\" content=\"summary_large_image\" \/>\n<meta name=\"twitter:title\" content=\"Pol\u00edtica de env\u00edos\" \/>\n<meta name=\"twitter:description\" content=\"Nuestra Pol\u00edtica de env\u00edos: Al realizar un pedido a trav\u00e9s de este sitio web, estar\u00e1 aceptando los t\u00e9rminos a continuaci\u00f3n.\" \/>\n<meta name=\"twitter:label1\" content=\"Tiempo de lectura\" \/>\n\t<meta name=\"twitter:data1\" content=\"5 minutos\" \/>\n<script type=\"application\/ld+json\" class=\"yoast-schema-graph\">{\"@context\":\"https:\\\/\\\/schema.org\",\"@graph\":[{\"@type\":\"WebPage\",\"@id\":\"https:\\\/\\\/mariaperfecta.com\\\/index.php\\\/politica-de-envios\\\/\",\"url\":\"https:\\\/\\\/mariaperfecta.com\\\/index.php\\\/politica-de-envios\\\/\",\"name\":\"Pol\u00edtica de Env\u00edos - Maria Perfecta\",\"isPartOf\":{\"@id\":\"https:\\\/\\\/mariaperfecta.com\\\/#website\"},\"datePublished\":\"2023-04-26T16:57:08+00:00\",\"dateModified\":\"2025-01-29T16:26:56+00:00\",\"description\":\"Nuestra Pol\u00edtica de env\u00edos: Al realizar un pedido a trav\u00e9s de este sitio web, estar\u00e1 aceptando los t\u00e9rminos a continuaci\u00f3n.\",\"breadcrumb\":{\"@id\":\"https:\\\/\\\/mariaperfecta.com\\\/index.php\\\/politica-de-envios\\\/#breadcrumb\"},\"inLanguage\":\"es\",\"potentialAction\":[{\"@type\":\"ReadAction\",\"target\":[\"https:\\\/\\\/mariaperfecta.com\\\/index.php\\\/politica-de-envios\\\/\"]}]},{\"@type\":\"BreadcrumbList\",\"@id\":\"https:\\\/\\\/mariaperfecta.com\\\/index.php\\\/politica-de-envios\\\/#breadcrumb\",\"itemListElement\":[{\"@type\":\"ListItem\",\"position\":1,\"name\":\"Portada\",\"item\":\"https:\\\/\\\/mariaperfecta.com\\\/\"},{\"@type\":\"ListItem\",\"position\":2,\"name\":\"Pol\u00edtica de Env\u00edos\"}]},{\"@type\":\"WebSite\",\"@id\":\"https:\\\/\\\/mariaperfecta.com\\\/#website\",\"url\":\"https:\\\/\\\/mariaperfecta.com\\\/\",\"name\":\"Maria Perfecta\",\"description\":\"\",\"publisher\":{\"@id\":\"https:\\\/\\\/mariaperfecta.com\\\/#organization\"},\"potentialAction\":[{\"@type\":\"SearchAction\",\"target\":{\"@type\":\"EntryPoint\",\"urlTemplate\":\"https:\\\/\\\/mariaperfecta.com\\\/?s={search_term_string}\"},\"query-input\":{\"@type\":\"PropertyValueSpecification\",\"valueRequired\":true,\"valueName\":\"search_term_string\"}}],\"inLanguage\":\"es\"},{\"@type\":\"Organization\",\"@id\":\"https:\\\/\\\/mariaperfecta.com\\\/#organization\",\"name\":\"Maria Perfecta\",\"url\":\"https:\\\/\\\/mariaperfecta.com\\\/\",\"logo\":{\"@type\":\"ImageObject\",\"inLanguage\":\"es\",\"@id\":\"https:\\\/\\\/mariaperfecta.com\\\/#\\\/schema\\\/logo\\\/image\\\/\",\"url\":\"https:\\\/\\\/mariaperfecta.com\\\/wp-content\\\/uploads\\\/2024\\\/08\\\/cropped-LOGO_MP_ABRIL_2024-removebg-preview-1-1.png\",\"contentUrl\":\"https:\\\/\\\/mariaperfecta.com\\\/wp-content\\\/uploads\\\/2024\\\/08\\\/cropped-LOGO_MP_ABRIL_2024-removebg-preview-1-1.png\",\"width\":500,\"height\":500,\"caption\":\"Maria Perfecta\"},\"image\":{\"@id\":\"https:\\\/\\\/mariaperfecta.com\\\/#\\\/schema\\\/logo\\\/image\\\/\"}}]}<\/script>\n<!-- \/ Yoast SEO plugin. -->","yoast_head_json":{"title":"Pol\u00edtica de Env\u00edos - Maria Perfecta","description":"Nuestra Pol\u00edtica de env\u00edos: Al realizar un pedido a trav\u00e9s de este sitio web, estar\u00e1 aceptando los t\u00e9rminos a continuaci\u00f3n.","robots":{"index":"index","follow":"follow","max-snippet":"max-snippet:-1","max-image-preview":"max-image-preview:large","max-video-preview":"max-video-preview:-1"},"canonical":"https:\/\/mariaperfecta.com\/index.php\/politica-de-envios\/","og_locale":"es_ES","og_type":"article","og_title":"Pol\u00edtica de env\u00edos","og_description":"Nuestra Pol\u00edtica de env\u00edos: Al realizar un pedido a trav\u00e9s de este sitio web, estar\u00e1 aceptando los t\u00e9rminos a continuaci\u00f3n.","og_url":"https:\/\/mariaperfecta.com\/index.php\/politica-de-envios\/","og_site_name":"Maria Perfecta","article_modified_time":"2025-01-29T16:26:56+00:00","twitter_card":"summary_large_image","twitter_title":"Pol\u00edtica de env\u00edos","twitter_description":"Nuestra Pol\u00edtica de env\u00edos: Al realizar un pedido a trav\u00e9s de este sitio web, estar\u00e1 aceptando los t\u00e9rminos a continuaci\u00f3n.","twitter_misc":{"Tiempo de lectura":"5 minutos"},"schema":{"@context":"https:\/\/schema.org","@graph":[{"@type":"WebPage","@id":"https:\/\/mariaperfecta.com\/index.php\/politica-de-envios\/","url":"https:\/\/mariaperfecta.com\/index.php\/politica-de-envios\/","name":"Pol\u00edtica de Env\u00edos - Maria Perfecta","isPartOf":{"@id":"https:\/\/mariaperfecta.com\/#website"},"datePublished":"2023-04-26T16:57:08+00:00","dateModified":"2025-01-29T16:26:56+00:00","description":"Nuestra Pol\u00edtica de env\u00edos: Al realizar un pedido a trav\u00e9s de este sitio web, estar\u00e1 aceptando los t\u00e9rminos a continuaci\u00f3n.","breadcrumb":{"@id":"https:\/\/mariaperfecta.com\/index.php\/politica-de-envios\/#breadcrumb"},"inLanguage":"es","potentialAction":[{"@type":"ReadAction","target":["https:\/\/mariaperfecta.com\/index.php\/politica-de-envios\/"]}]},{"@type":"BreadcrumbList","@id":"https:\/\/mariaperfecta.com\/index.php\/politica-de-envios\/#breadcrumb","itemListElement":[{"@type":"ListItem","position":1,"name":"Portada","item":"https:\/\/mariaperfecta.com\/"},{"@type":"ListItem","position":2,"name":"Pol\u00edtica de Env\u00edos"}]},{"@type":"WebSite","@id":"https:\/\/mariaperfecta.com\/#website","url":"https:\/\/mariaperfecta.com\/","name":"Maria Perfecta","description":"","publisher":{"@id":"https:\/\/mariaperfecta.com\/#organization"},"potentialAction":[{"@type":"SearchAction","target":{"@type":"EntryPoint","urlTemplate":"https:\/\/mariaperfecta.com\/?s={search_term_string}"},"query-input":{"@type":"PropertyValueSpecification","valueRequired":true,"valueName":"search_term_string"}}],"inLanguage":"es"},{"@type":"Organization","@id":"https:\/\/mariaperfecta.com\/#organization","name":"Maria Perfecta","url":"https:\/\/mariaperfecta.com\/","logo":{"@type":"ImageObject","inLanguage":"es","@id":"https:\/\/mariaperfecta.com\/#\/schema\/logo\/image\/","url":"https:\/\/mariaperfecta.com\/wp-content\/uploads\/2024\/08\/cropped-LOGO_MP_ABRIL_2024-removebg-preview-1-1.png","contentUrl":"https:\/\/mariaperfecta.com\/wp-content\/uploads\/2024\/08\/cropped-LOGO_MP_ABRIL_2024-removebg-preview-1-1.png","width":500,"height":500,"caption":"Maria Perfecta"},"image":{"@id":"https:\/\/mariaperfecta.com\/#\/schema\/logo\/image\/"}}]}},"_links":{"self":[{"href":"https:\/\/mariaperfecta.com\/index.php\/wp-json\/wp\/v2\/pages\/275","targetHints":{"allow":["GET"]}}],"collection":[{"href":"https:\/\/mariaperfecta.com\/index.php\/wp-json\/wp\/v2\/pages"}],"about":[{"href":"https:\/\/mariaperfecta.com\/index.php\/wp-json\/wp\/v2\/types\/page"}],"author":[{"embeddable":true,"href":"https:\/\/mariaperfecta.com\/index.php\/wp-json\/wp\/v2\/users\/1"}],"replies":[{"embeddable":true,"href":"https:\/\/mariaperfecta.com\/index.php\/wp-json\/wp\/v2\/comments?post=275"}],"version-history":[{"count":60,"href":"https:\/\/mariaperfecta.com\/index.php\/wp-json\/wp\/v2\/pages\/275\/revisions"}],"predecessor-version":[{"id":9009,"href":"https:\/\/mariaperfecta.com\/index.php\/wp-json\/wp\/v2\/pages\/275\/revisions\/9009"}],"wp:attachment":[{"href":"https:\/\/mariaperfecta.com\/index.php\/wp-json\/wp\/v2\/media?parent=275"}],"curies":[{"name":"wp","href":"https:\/\/api.w.org\/{rel}","templated":true}]}}